{"id":61,"date":"2012-01-22T20:17:44","date_gmt":"2012-01-22T20:17:44","guid":{"rendered":""},"modified":"2024-02-06T20:10:08","modified_gmt":"2024-02-06T19:10:08","slug":"nh","status":"publish","type":"page","link":"https:\/\/lodzbaluty.zhp.pl\/?page_id=61","title":{"rendered":"Namiestnictwo Harcerskie &#8222;Iskra&#8221;"},"content":{"rendered":"\t\t<div data-elementor-type=\"wp-page\" data-elementor-id=\"61\" class=\"elementor elementor-61\">\n\t\t\t\t\t\t\t\t\t<section class=\"elementor-section elementor-top-section elementor-element elementor-element-b9fe1e5 elementor-section-boxed elementor-section-height-default elementor-section-height-default\" data-id=\"b9fe1e5\" data-element_type=\"section\">\n\t\t\t\t\t\t<div class=\"elementor-container elementor-column-gap-default\">\n\t\t\t\t\t<div class=\"elementor-column elementor-col-50 elementor-top-column elementor-element elementor-element-e21ecc1\" data-id=\"e21ecc1\" data-element_type=\"column\">\n\t\t\t<div class=\"elementor-widget-wrap elementor-element-populated\">\n\t\t\t\t\t\t\t\t<div class=\"elementor-element elementor-element-768557d elementor-widget elementor-widget-text-editor\" data-id=\"768557d\" data-element_type=\"widget\" data-widget_type=\"text-editor.default\">\n\t\t\t\t<div class=\"elementor-widget-container\">\n\t\t\t<style>\/*! elementor - v3.10.2 - 29-01-2023 *\/\n.elementor-widget-text-editor.elementor-drop-cap-view-stacked .elementor-drop-cap{background-color:#818a91;color:#fff}.elementor-widget-text-editor.elementor-drop-cap-view-framed .elementor-drop-cap{color:#818a91;border:3px solid;background-color:transparent}.elementor-widget-text-editor:not(.elementor-drop-cap-view-default) .elementor-drop-cap{margin-top:8px}.elementor-widget-text-editor:not(.elementor-drop-cap-view-default) .elementor-drop-cap-letter{width:1em;height:1em}.elementor-widget-text-editor .elementor-drop-cap{float:left;text-align:center;line-height:1;font-size:50px}.elementor-widget-text-editor .elementor-drop-cap-letter{display:inline-block}<\/style>\t\t\t\t<p><b>Namiestnik harcerski:<\/b><\/p><p><b>phm. Marcin Po\u015bpieszy\u0144ski<\/b><\/p><p>Instruktorka namiestnictwa:<\/p><p>pwd. Olga Szczeci\u0144ska<\/p>\t\t\t\t\t\t<\/div>\n\t\t\t\t<\/div>\n\t\t\t\t\t<\/div>\n\t\t<\/div>\n\t\t\t\t<div class=\"elementor-column elementor-col-50 elementor-top-column elementor-element elementor-element-70fefef\" data-id=\"70fefef\" data-element_type=\"column\">\n\t\t\t<div class=\"elementor-widget-wrap elementor-element-populated\">\n\t\t\t\t\t\t\t\t<div class=\"elementor-element elementor-element-7b3d1ae elementor-widget elementor-widget-image\" data-id=\"7b3d1ae\" data-element_type=\"widget\" data-widget_type=\"image.default\">\n\t\t\t\t<div class=\"elementor-widget-container\">\n\t\t\t<style>\/*! elementor - v3.10.2 - 29-01-2023 *\/\n.elementor-widget-image{text-align:center}.elementor-widget-image a{display:inline-block}.elementor-widget-image a img[src$=\".svg\"]{width:48px}.elementor-widget-image img{vertical-align:middle;display:inline-block}<\/style>\t\t\t\t\t\t\t\t\t\t\t\t<img decoding=\"async\" width=\"750\" height=\"750\" src=\"https:\/\/lodzbaluty.zhp.pl\/wp-content\/uploads\/2024\/02\/NH-ISKRA-GREEN-1024x1024.png\" class=\"attachment-large size-large wp-image-3505\" alt=\"\" loading=\"lazy\" srcset=\"https:\/\/lodzbaluty.zhp.pl\/wp-content\/uploads\/2024\/02\/NH-ISKRA-GREEN-1024x1024.png 1024w, https:\/\/lodzbaluty.zhp.pl\/wp-content\/uploads\/2024\/02\/NH-ISKRA-GREEN-300x300.png 300w, https:\/\/lodzbaluty.zhp.pl\/wp-content\/uploads\/2024\/02\/NH-ISKRA-GREEN-150x150.png 150w, https:\/\/lodzbaluty.zhp.pl\/wp-content\/uploads\/2024\/02\/NH-ISKRA-GREEN-768x768.png 768w, https:\/\/lodzbaluty.zhp.pl\/wp-content\/uploads\/2024\/02\/NH-ISKRA-GREEN.png 1500w\" sizes=\"(max-width: 750px) 100vw, 750px\" \/>\t\t\t\t\t\t\t\t\t\t\t\t\t\t\t<\/div>\n\t\t\t\t<\/div>\n\t\t\t\t\t<\/div>\n\t\t<\/div>\n\t\t\t\t\t\t\t<\/div>\n\t\t<\/section>\n\t\t\t\t\t\t\t<\/div>\n\t\t","protected":false},"excerpt":{"rendered":"<p>Namiestnik harcerski: phm. Marcin Po\u015bpieszy\u0144ski Instruktorka namiestnictwa: pwd. Olga Szczeci\u0144ska<\/p>\n","protected":false},"author":10,"featured_media":0,"parent":43,"menu_order":6,"comment_status":"open","ping_status":"open","template":"","meta":[],"_links":{"self":[{"href":"https:\/\/lodzbaluty.zhp.pl\/index.php?rest_route=\/wp\/v2\/pages\/61"}],"collection":[{"href":"https:\/\/lodzbaluty.zhp.pl\/index.php?rest_route=\/wp\/v2\/pages"}],"about":[{"href":"https:\/\/lodzbaluty.zhp.pl\/index.php?rest_route=\/wp\/v2\/types\/page"}],"author":[{"embeddable":true,"href":"https:\/\/lodzbaluty.zhp.pl\/index.php?rest_route=\/wp\/v2\/users\/10"}],"replies":[{"embeddable":true,"href":"https:\/\/lodzbaluty.zhp.pl\/index.php?rest_route=%2Fwp%2Fv2%2Fcomments&post=61"}],"version-history":[{"count":38,"href":"https:\/\/lodzbaluty.zhp.pl\/index.php?rest_route=\/wp\/v2\/pages\/61\/revisions"}],"predecessor-version":[{"id":3508,"href":"https:\/\/lodzbaluty.zhp.pl\/index.php?rest_route=\/wp\/v2\/pages\/61\/revisions\/3508"}],"up":[{"embeddable":true,"href":"https:\/\/lodzbaluty.zhp.pl\/index.php?rest_route=\/wp\/v2\/pages\/43"}],"wp:attachment":[{"href":"https:\/\/lodzbaluty.zhp.pl\/index.php?rest_route=%2Fwp%2Fv2%2Fmedia&parent=61"}],"curies":[{"name":"wp","href":"https:\/\/api.w.org\/{rel}","templated":true}]}}