{"id":51,"date":"2012-01-22T20:15:15","date_gmt":"2012-01-22T20:15:15","guid":{"rendered":""},"modified":"2023-08-24T17:40:30","modified_gmt":"2023-08-24T16:40:30","slug":"dokumenty","status":"publish","type":"page","link":"https:\/\/lodzbaluty.zhp.pl\/?page_id=51","title":{"rendered":"Dokumenty"},"content":{"rendered":"<p>Dokumenty u\u017cywane w Hufcu:<\/p>\n<p><strong>Harmonogram imprez Hufca 2023\/2024<\/strong><\/p>\n<p><a href=\"https:\/\/lodzbaluty.zhp.pl\/wp-content\/uploads\/2023\/08\/Harmonogram-hufca-2023-2024-wersja-z-sierpnia-2023.pdf\">HARCOnoGRAm<\/a><\/p>\n<p><strong>Wzory plan\u00f3w pracy dru\u017cyn z 2022 roku:<br \/>\n<\/strong><\/p>\n<p><a href=\"https:\/\/lodzbaluty.zhp.pl\/wp-content\/uploads\/2022\/08\/Plan-pracy-gromady-zuchowej-wzor-2021.docx\">Plan pracy gromady zuchowej<\/a><\/p>\n<p><a href=\"https:\/\/lodzbaluty.zhp.pl\/wp-content\/uploads\/2023\/08\/Plan-pracy-druzyny-harcerskiej-wzor-2023-2024.docx\" target=\"_blank\" rel=\"noopener\">Plan pracy dru\u017cyny harcerskiej &#8211; nowy wz\u00f3r z 2023 r.<\/a><\/p>\n<p><a href=\"https:\/\/lodzbaluty.zhp.pl\/wp-content\/uploads\/2020\/09\/Wytyczne-do-planowania-pracy-dru\u017cyny-w\u0119drowniczej-2020.docx\">Wytyczne do planu pracy dru\u017cyny w\u0119drowniczej<\/a><\/p>\n<p><strong>Regulamin rozm\u00f3w organizacyjnych:<br \/>\n<\/strong><\/p>\n<p><a href=\"https:\/\/lodzbaluty.zhp.pl\/wp-content\/uploads\/2023\/08\/Rozmowy-organizacyjne-na-rok-harcerski-2023-2024.pdf\" target=\"_blank\" rel=\"noopener\">Rozmowy organizacyjne 2023<\/a><\/p>\n<p><strong>Biwak<\/strong><span style=\"text-decoration: underline;\"><a href=\"\/\/lodzbaluty.zhp.pl\/wp-content\/uploads\/2012\/01\/Zanim_wyjedziecie_na_biwak_new.doc\"><\/a><\/span><\/p>\n<p><a href=\"https:\/\/lodzbaluty.zhp.pl\/wp-content\/uploads\/2022\/06\/Zatwierdzanie-biwakow-2019.jpg\"><img decoding=\"async\" loading=\"lazy\" src=\"https:\/\/lodzbaluty.zhp.pl\/wp-content\/uploads\/2022\/06\/Zatwierdzanie-biwakow-2019-240x300.jpg\" alt=\"\" class=\"wp-image-3133 aligncenter\" width=\"515\" height=\"644\" srcset=\"https:\/\/lodzbaluty.zhp.pl\/wp-content\/uploads\/2022\/06\/Zatwierdzanie-biwakow-2019-240x300.jpg 240w, https:\/\/lodzbaluty.zhp.pl\/wp-content\/uploads\/2022\/06\/Zatwierdzanie-biwakow-2019-819x1024.jpg 819w, https:\/\/lodzbaluty.zhp.pl\/wp-content\/uploads\/2022\/06\/Zatwierdzanie-biwakow-2019-768x960.jpg 768w, https:\/\/lodzbaluty.zhp.pl\/wp-content\/uploads\/2022\/06\/Zatwierdzanie-biwakow-2019.jpg 1024w\" sizes=\"(max-width: 515px) 100vw, 515px\" \/><\/a><\/p>\n<p>Arkusz organizacyjny biwaku <a href=\"\/\/lodzbaluty.zhp.pl\/wp-content\/uploads\/2018\/03\/Arkusz-organizacyjny-biwaku-wycieczki-03-2018.doc\"><span style=\"text-decoration: underline;\">mo\u017cna pobra\u0107 tuta<\/span>j<\/a><\/p>\n<p>Wz\u00f3r<a href=\"\/\/lodzbaluty.zhp.pl\/wp-content\/uploads\/2018\/03\/Plan-pracy-biwaku-wzor-03-2018.doc\"> planu pracy<\/a> biwaku<\/p>\n<p><strong>Wypo\u017cyczenia z magazynu<\/strong><\/p>\n<p>Arkusz wypo\u017cyczenia sprz\u0119tu <span style=\"text-decoration: underline;\"><a href=\"\/\/lodzbaluty.zhp.pl\/wp-content\/uploads\/2012\/01\/ARKUSZ-WYPOZYCZENIA-SPRZETU-1str.doc\">mo\u017cna pobra\u0107 tutaj<\/a><\/span> (pami\u0119taj z\u0142o\u017cy\u0107 zapotrzebowanie tydzie\u0144 wcze\u015bniej)<\/p>\n<p><strong>Aktualna instrukcja podstawowej jednostki organizacyjnej (z 24.08.2020 r.):<\/strong><\/p>\n<p><span><a href=\"https:\/\/lodzbaluty.zhp.pl\/wp-content\/uploads\/2020\/08\/Instrukcja-PJO_tekst-jednolity.docx\" target=\"_blank\" rel=\"noopener noreferrer\">Instrukcja tworzenia i dzia\u0142ania gromady, dru\u017cyny, kr\u0119gu i klubu specjalno\u015bciowego<br \/>\n<\/a><a href=\"\/\/lodzbaluty.zhp.pl\/wp-content\/uploads\/2017\/02\/Uchwa\u0142y-X-Zjazdu-Hufca-ZHP-Lodz-Baluty.pdf\"><\/a><\/span><span><a href=\"https:\/\/lodzbaluty.zhp.pl\/wp-content\/uploads\/2020\/08\/Zgoda-na-przynaleznosc.docx\" target=\"_blank\" rel=\"noopener noreferrer\">Zgoda na przynale\u017cno\u015b\u0107 dziecka do ZHP<\/a><\/span><\/p>\n<p><span><a href=\"https:\/\/lodzbaluty.zhp.pl\/wp-content\/uploads\/2020\/08\/Deklaracja-czlonkowska.docx\" target=\"_blank\" rel=\"noopener noreferrer\">Deklaracja cz\u0142onkowska dla os\u00f3b powy\u017cej 16 roku \u017cycia<\/a><\/span><\/p>\n<p><strong>Aktualna instrukcja szczepu i zwi\u0105zku dru\u017cyn (z 07.12.2020 r.):<\/strong><\/p>\n<p><a href=\"https:\/\/lodzbaluty.zhp.pl\/wp-content\/uploads\/2023\/03\/u_gk_196_2020_zalacznik1.docx\" target=\"_blank\" rel=\"noopener\">Instrukcja tworzenia i dzia\u0142ania szczepu i zwi\u0105zku dru\u017cyn<\/a><\/p>\n<p><strong>Rozkazy Komendanta Hufca:<\/strong><\/p>\n<p><a href=\"https:\/\/gkzhp.sharepoint.com\/sites\/KomendaHufcaPromienistych\" target=\"_blank\" rel=\"noopener noreferrer\">dost\u0119p dla cz\u0142onk\u00f3w hufca za po\u015brednictwem Share Point<\/a><\/p>\n","protected":false},"excerpt":{"rendered":"<p>Dokumenty u\u017cywane w Hufcu: Harmonogram imprez Hufca 2023\/2024 HARCOnoGRAm Wzory plan\u00f3w pracy dru\u017cyn z 2022 roku: Plan pracy gromady zuchowej Plan pracy dru\u017cyny harcerskiej &#8211; nowy wz\u00f3r z 2023 r. Wytyczne do planu pracy dru\u017cyny w\u0119drowniczej Regulamin rozm\u00f3w organizacyjnych: Rozmowy organizacyjne 2023 Biwak Arkusz organizacyjny biwaku mo\u017cna pobra\u0107 tutaj Wz\u00f3r [&hellip;]<\/p>\n","protected":false},"author":10,"featured_media":0,"parent":0,"menu_order":8,"comment_status":"open","ping_status":"open","template":"","meta":[],"_links":{"self":[{"href":"https:\/\/lodzbaluty.zhp.pl\/index.php?rest_route=\/wp\/v2\/pages\/51"}],"collection":[{"href":"https:\/\/lodzbaluty.zhp.pl\/index.php?rest_route=\/wp\/v2\/pages"}],"about":[{"href":"https:\/\/lodzbaluty.zhp.pl\/index.php?rest_route=\/wp\/v2\/types\/page"}],"author":[{"embeddable":true,"href":"https:\/\/lodzbaluty.zhp.pl\/index.php?rest_route=\/wp\/v2\/users\/10"}],"replies":[{"embeddable":true,"href":"https:\/\/lodzbaluty.zhp.pl\/index.php?rest_route=%2Fwp%2Fv2%2Fcomments&post=51"}],"version-history":[{"count":133,"href":"https:\/\/lodzbaluty.zhp.pl\/index.php?rest_route=\/wp\/v2\/pages\/51\/revisions"}],"predecessor-version":[{"id":3329,"href":"https:\/\/lodzbaluty.zhp.pl\/index.php?rest_route=\/wp\/v2\/pages\/51\/revisions\/3329"}],"wp:attachment":[{"href":"https:\/\/lodzbaluty.zhp.pl\/index.php?rest_route=%2Fwp%2Fv2%2Fmedia&parent=51"}],"curies":[{"name":"wp","href":"https:\/\/api.w.org\/{rel}","templated":true}]}}