{"id":49,"date":"2012-01-22T20:14:42","date_gmt":"2012-01-22T20:14:42","guid":{"rendered":""},"modified":"2024-02-06T10:05:36","modified_gmt":"2024-02-06T09:05:36","slug":"1-2","status":"publish","type":"page","link":"https:\/\/lodzbaluty.zhp.pl\/?page_id=49","title":{"rendered":"1.5 %"},"content":{"rendered":"\n<p>Ob\u00f3z w lesie, kurs medyczny, namiot- co \u0142\u0105czy te rzeczy? Twoje 1,5% podatku! <\/p>\n\n\n\n<figure class=\"wp-block-image alignfull size-large\"><a href=\"https:\/\/lodzbaluty.zhp.pl\/wp-content\/uploads\/2024\/02\/421878381_783494797148195_19893048892728404_n.png\"><img decoding=\"async\" loading=\"lazy\" width=\"1024\" height=\"450\" src=\"https:\/\/lodzbaluty.zhp.pl\/wp-content\/uploads\/2024\/02\/421878381_783494797148195_19893048892728404_n-1024x450.png\" alt=\"\" class=\"wp-image-3398\" srcset=\"https:\/\/lodzbaluty.zhp.pl\/wp-content\/uploads\/2024\/02\/421878381_783494797148195_19893048892728404_n-1024x450.png 1024w, https:\/\/lodzbaluty.zhp.pl\/wp-content\/uploads\/2024\/02\/421878381_783494797148195_19893048892728404_n-300x132.png 300w, https:\/\/lodzbaluty.zhp.pl\/wp-content\/uploads\/2024\/02\/421878381_783494797148195_19893048892728404_n-768x337.png 768w, https:\/\/lodzbaluty.zhp.pl\/wp-content\/uploads\/2024\/02\/421878381_783494797148195_19893048892728404_n-1536x674.png 1536w, https:\/\/lodzbaluty.zhp.pl\/wp-content\/uploads\/2024\/02\/421878381_783494797148195_19893048892728404_n.png 1640w\" sizes=\"(max-width: 1024px) 100vw, 1024px\" \/><\/a><\/figure>\n\n\n\n<p>Dzi\u0119ki niemu:<\/p>\n\n\n\n<ul>\n<li><strong>dofinansowujemy najubo\u017cszym<\/strong> harcerzom i zuchom obozy i biwaki,<\/li>\n\n\n\n<li><strong>szkolimy<\/strong> cz\u0142onk\u00f3w ZHP, odkrywaj\u0105c przed nimi wiedz\u0119, kt\u00f3ra potem staje si\u0119 ich pasj\u0105 i sposobem na \u017cycie np. kursy medyczne, \u017ceglarskie, warsztaty wokalne,<\/li>\n\n\n\n<li>kupujemy sprz\u0119t i materia\u0142y, dzi\u0119ki kt\u00f3rym <strong>organizujemy atrakcyjne zaj\u0119cia<\/strong> dla dzieci i m\u0142odzie\u017cy.<\/li>\n<\/ul>\n\n\n\n<p>Przekazuj\u0105c 1,5% swojego podatku dochodowego wspierasz najwi\u0119ksz\u0105 organizacj\u0119 m\u0142odzie\u017cow\u0105 z terenu \u0142\u00f3dzkich Ba\u0142ut i Aleksandrowa \u0141\u00f3dzkiego. Od ponad 70 lat wychowujemy pokolenia Polak\u00f3w, s\u0142u\u017c\u0105c naszej ma\u0142ej i wielkiej Ojczy\u017anie. Dlatego prosimy o przekazanie 1,5% podatku na nasz Hufiec.<\/p>\n\n\n\n<p>Jak to zrobi\u0107? <\/p>\n\n\n\n<p>Wystarczy w polu <strong>WNIOSEK O PRZEKAZANIE 1,5% PODATKU<\/strong> wpisa\u0107 numer <strong>KRS 0000283814<\/strong> oraz obliczon\u0105 kwot\u0119, a nast\u0119pnie w <strong>INFORMACJACH UZUPE\u0141NIAJ\u0104CYCH<\/strong>: <strong>Hufiec \u0141\u00f3d\u017a-Ba\u0142uty<\/strong>. <\/p>\n\n\n\n<p>Tym samym udziel\u0105 nam Pa\u0144stwo ogromnego wsparcia, kt\u00f3re nic Was nie kosztuje.<\/p>\n\n\n\n<p>Je\u017celi macie Pa\u0144stwo jakie\u015b w\u0105tpliwo\u015bci jak wype\u0142ni\u0107 swoj\u0105 deklaracj\u0119 podatkow\u0105 zach\u0119camy do skorzystania z\u00a0<a rel=\"noreferrer noopener\" href=\"http:\/\/www.e-pity.pl\/program-pity-2015-online0000283814--https:\/\/www.e-pity.pl\/oppimg\/ec88c793f73476c345b614ce49e58f40----ZHP+Chor%C4%85giew+%C5%81%C3%B3dzka+Hufiec+%C5%81%C3%B3d%C5%BA-Ba%C5%82uty\" target=\"_blank\">programu e-pity<\/a>, kt\u00f3ry w prosty spos\u00f3b pomo\u017ce w wype\u0142nieniu deklaracji podatkowej lub do kontaktu bezpo\u015brednio z nami (tel. 501 899 344)<\/p>\n\n\n\n<p><strong>DZI\u0118KUJEMY!<\/strong><\/p>\n\n\n\n<p><\/p>\n\n\n\n<p> <\/p>\n\n\n\n<p style=\"font-size:10px\">KLAUZULA DLA OS\u00d3B PRZEKAZUJ\u0104CYCH 1,5 % PODATKU NA RZECZ CHOR\u0104GWI \u0141\u00d3DZKIEJ ZHP<\/p>\n\n\n\n<p style=\"font-size:10px\">1. [Administrator danych]<\/p>\n\n\n\n<p style=\"font-size:10px\">Administratorem Twoich danych osobowych, czyli podmiotem odpowiedzialnym za zgodne z prawem wykorzystywanie tych danych, jest Zwi\u0105zek Harcerstwa Polskiego Chor\u0105giew \u0141\u00f3dzka z siedzib\u0105 ul. Stefanowskiego 19, 90-537 \u0141\u00f3d\u017a (zwana dalej &#8222;Chor\u0105gwi\u0105&#8221;).<\/p>\n\n\n\n<p style=\"font-size:10px\">2. [Inspektor Ochrony Danych]<\/p>\n\n\n\n<p style=\"font-size:10px\">Chor\u0105giew dok\u0142ada stara\u0144, aby dane osobowe by\u0142y wykorzystywane w spos\u00f3b zapewniaj\u0105cy zgodno\u015b\u0107 z prawem i bezpiecze\u0144stwo. W tym celu Chor\u0105giew powo\u0142a\u0142a inspektora ochrony danych, z kt\u00f3rym mo\u017cesz kontaktowa\u0107 si\u0119 bezpo\u015brednio: 1) mailowo pod adresem poczty elektronicznej: rodo@zhp.pl, 2) telefonicznie pod numerem telefonu: +48 601 889 788.<\/p>\n\n\n\n<p style=\"font-size:10px\">3. [Cele, podstawy prawne i okres przechowywania danych osobowych]<\/p>\n\n\n\n<p style=\"font-size:10px\">Przetwarzamy Twoje dane osobowe w celu podzi\u0119kowania za wsparcie oraz przekazania informacji o celach na jakie przeznaczono wp\u0142aty, a tak\u017ce w celu informacyjnym i statystycznym na temat os\u00f3b przekazuj\u0105cych 1,5 % podatku na rzecz Administratora. Twoje dane przetwarzamy w powy\u017cszych celach, poniewa\u017c jest to niezb\u0119dne do realizacji naszych uzasadnionych interes\u00f3w (art. 6 ust. 1 lit. f RODO). Dane osobowe b\u0119dziemy przetwarza\u0107 przez 1 rok od momentu otrzymania ich od Urz\u0119du Skarbowego.<\/p>\n\n\n\n<p style=\"font-size:10px\">4. [Ujawnianie danych osobowych]<\/p>\n\n\n\n<p style=\"font-size:10px\">Twoje dane osobowe pochodz\u0105 od stron trzecich \u2013 Urz\u0119du Skarbowego, tylko w sytuacji, gdy sk\u0142adaj\u0105c deklaracj\u0119 podatkow\u0105 wyrazi\u0142e\u015b zgod\u0119 na przekazanie danych osobowych do Organizacji Po\u017cytku Publicznego, kt\u00f3r\u0105 wspierasz.<\/p>\n\n\n\n<p style=\"font-size:10px\">Twoje dane osobowe mog\u0105 zosta\u0107 ujawnione podmiotom wsp\u00f3\u0142pracuj\u0105cym z Chor\u0105gwi\u0105, w tym dostawcom us\u0142ug teleinformatycznych na podstawie zawartych um\u00f3w powierzenia, a tak\u017ce operatorom pocztowym.<\/p>\n\n\n\n<p style=\"font-size:10px\">5. [Prawa os\u00f3b, kt\u00f3rych dane osobowe dotycz\u0105]<\/p>\n\n\n\n<p style=\"font-size:10px\">W zwi\u0105zku z wykorzystywaniem Twoich danych osobowych mo\u017cesz w ka\u017cdej chwili wnie\u015b\u0107 sprzeciw wobec wykorzystywania danych osobowych na podstawie tzw. prawnie uzasadnionego interesu; na skutek wniesienia sprzeciwu rozwa\u017cymy, czy \u2013 ze wzgl\u0119du na Twoj\u0105 szczeg\u00f3ln\u0105 sytuacj\u0119 \u2013 ochrona Twoich interes\u00f3w, praw i wolno\u015bci przewa\u017ca nad interesami, kt\u00f3re realizujemy, wykorzystuj\u0105c te dane osobowe. Je\u017celi Tw\u00f3j sprzeciw oka\u017ce si\u0119 zasadny, a nie ma innej podstawy prawnej wykorzystania tych danych, usuniemy je.<\/p>\n\n\n\n<p style=\"font-size:10px\">Ponadto mo\u017cesz:<\/p>\n\n\n\n<p style=\"font-size:10px\">1) \u017c\u0105da\u0107 dost\u0119pu do danych osobowych, uzyskania potwierdzenia czy dane osobowe s\u0105 wykorzystywane, uzyskania kopii danych osobowych oraz uzyskania istotnych informacji zwi\u0105zanych z wykorzystywaniem tych danych (na podstawie art. 15 RODO),<\/p>\n\n\n\n<p style=\"font-size:10px\">2) \u017c\u0105da\u0107 sprostowania danych osobowych, gdy s\u0105 niekompletne lub nieprawid\u0142owe (na podstawie art. 16 RODO),<\/p>\n\n\n\n<p style=\"font-size:10px\">3) \u017c\u0105da\u0107 usuni\u0119cia wszystkich lub niekt\u00f3rych danych osobowych (na podstawie art. 17 RODO), je\u017celi odpad\u0142 cel lub podstawa prawna wykorzystywania tych danych albo je\u017celi dane osobowe by\u0142y wykorzystywane niezgodnie z prawem,<\/p>\n\n\n\n<p style=\"font-size:10px\">4) \u017c\u0105da\u0107 ograniczenia wykorzystywania danych osobowych (na podstawie art. 18 RODO) na czas niezb\u0119dny do rozstrzygni\u0119cia o zasadno\u015bci \u017c\u0105dania usuni\u0119cia lub sprostowania tych danych albo na czas niezb\u0119dny do ustalenia, dochodzenia lub obrony Twoich roszcze\u0144.<\/p>\n\n\n\n<p style=\"font-size:10px\">Masz r\u00f3wnie\u017c prawo do wniesienia skargi do Prezesa Urz\u0119du Ochrony Danych Osobowych ul. Stawki 2, 00-193 Warszawa. Skarg\u0119 mo\u017cesz wnie\u015b\u0107 w formie elektronicznej, w formie pisemnej albo ustnie do protoko\u0142u w siedzibie Prezesa Urz\u0119du.<\/p>\n","protected":false},"excerpt":{"rendered":"<p>Ob\u00f3z w lesie, kurs medyczny, namiot- co \u0142\u0105czy te rzeczy? Twoje 1,5% podatku! Dzi\u0119ki niemu: Przekazuj\u0105c 1,5% swojego podatku dochodowego wspierasz najwi\u0119ksz\u0105 organizacj\u0119 m\u0142odzie\u017cow\u0105 z terenu \u0142\u00f3dzkich Ba\u0142ut i Aleksandrowa \u0141\u00f3dzkiego. Od ponad 70 lat wychowujemy pokolenia Polak\u00f3w, s\u0142u\u017c\u0105c naszej ma\u0142ej i wielkiej Ojczy\u017anie. Dlatego prosimy o przekazanie 1,5% podatku [&hellip;]<\/p>\n","protected":false},"author":10,"featured_media":0,"parent":0,"menu_order":7,"comment_status":"open","ping_status":"open","template":"","meta":[],"_links":{"self":[{"href":"https:\/\/lodzbaluty.zhp.pl\/index.php?rest_route=\/wp\/v2\/pages\/49"}],"collection":[{"href":"https:\/\/lodzbaluty.zhp.pl\/index.php?rest_route=\/wp\/v2\/pages"}],"about":[{"href":"https:\/\/lodzbaluty.zhp.pl\/index.php?rest_route=\/wp\/v2\/types\/page"}],"author":[{"embeddable":true,"href":"https:\/\/lodzbaluty.zhp.pl\/index.php?rest_route=\/wp\/v2\/users\/10"}],"replies":[{"embeddable":true,"href":"https:\/\/lodzbaluty.zhp.pl\/index.php?rest_route=%2Fwp%2Fv2%2Fcomments&post=49"}],"version-history":[{"count":22,"href":"https:\/\/lodzbaluty.zhp.pl\/index.php?rest_route=\/wp\/v2\/pages\/49\/revisions"}],"predecessor-version":[{"id":3402,"href":"https:\/\/lodzbaluty.zhp.pl\/index.php?rest_route=\/wp\/v2\/pages\/49\/revisions\/3402"}],"wp:attachment":[{"href":"https:\/\/lodzbaluty.zhp.pl\/index.php?rest_route=%2Fwp%2Fv2%2Fmedia&parent=49"}],"curies":[{"name":"wp","href":"https:\/\/api.w.org\/{rel}","templated":true}]}}