{"id":47,"date":"2012-01-22T20:14:20","date_gmt":"2012-01-22T20:14:20","guid":{"rendered":""},"modified":"2023-03-17T22:00:48","modified_gmt":"2023-03-17T21:00:48","slug":"dla-druzynowych","status":"publish","type":"page","link":"https:\/\/lodzbaluty.zhp.pl\/?page_id=47","title":{"rendered":"Dla Dru\u017cynowych"},"content":{"rendered":"<p>Na poni\u017cszej stronie znajduj\u0105 si\u0119 materia\u0142y dotycz\u0105ce:<\/p>\n<p>Ewidencji ZHP (kontakty do administrator\u00f3w oraz instrukcje dzia\u0142ania z tym narz\u0119dziem)<br \/>\nKontakt by zam\u00f3wi\u0107 cz\u0119\u015bci mundurowe<br \/>\nBiwak (wz\u00f3r planu pracy; arkusz organizacyjny)<br \/>\nArkusz wypo\u017cyczenia sprz\u0119tu<br \/>\nAktualny harmonogram imprez Hufca<br \/>\nRegulamin mian dla dru\u017cyn harcerskich<br \/>\nKalendarz imprez centralnych ZHP<br \/>\nPorady jak rozpocz\u0105\u0107 w dru\u017cynie prac\u0119 z zasadami etyki \u015brodowiskowej<br \/>\nPorady dla dru\u017cynowych<br \/>\nPropozycje programowe (&#8222;\u0141\u00f3d\u017a od \u0141 do \u0179&#8221;; Gry Fabularne)<br \/>\nFilm instrukta\u017cowy dot. piosenek i pl\u0105s\u00f3w<\/p>\n<hr \/>\n<p><strong>Ewidencja ZHP<\/strong><\/p>\n<p>Administratorami Ewidencji ZHP s\u0105:<\/p>\n<ul>\n<li>dh Marcin Jarz\u0119bski, mail: marcin.jarzebski@zhp.net.pl, tel: 698 554 745<\/li>\n<li>dh. Aleksandra J\u00f3\u017awiak, mail: <span>aleksandra.jozwiak@zhp.net.pl, tel: 796 404 913<br \/>\n<\/span><\/li>\n<\/ul>\n<p>Pomoc w zakresie utworzenia lub dost\u0119pu do konta ZHP mo\u017cna uzyska\u0107 pod adresem:<\/p>\n<p><a href=\"https:\/\/helpdesk.zhp.pl\" target=\"_blank\" rel=\"noopener\">https:\/\/helpdesk.zhp.pl<\/a><\/p>\n<hr \/>\n<p><strong>Mundury<\/strong><\/p>\n<p>Mundury mo\u017cna zamawia\u0107 u druha Arka Przeworskiego drog\u0105 e-mail pod adresem <a href=\"mailto:arkadiusz.przeworski@zhp.net.pl\" target=\"_blank\" rel=\"noopener noreferrer\">arkadiusz.przeworski@zhp.net.pl<\/a><\/p>\n<hr \/>\n<p><strong>Biwak<\/strong><\/p>\n<p>Arkusz organizacyjny biwaku <a href=\"\/\/lodzbaluty.zhp.pl\/wp-content\/uploads\/2018\/03\/Arkusz-organizacyjny-biwaku-wycieczki-03-2018.doc\"><span>mo\u017cna pobra\u0107 tuta<\/span>j<\/a><\/p>\n<p>Wz\u00f3r<a href=\"\/\/lodzbaluty.zhp.pl\/wp-content\/uploads\/2018\/03\/Plan-pracy-biwaku-wzo\u0301r-03-2018.doc\"> planu pracy<\/a> biwaku<\/p>\n<hr \/>\n<p><strong>Wypo\u017cyczenia z magazynu<\/strong><\/p>\n<p>Arkusz wypo\u017cyczenia sprz\u0119tu <span><a href=\"\/\/lodzbaluty.zhp.pl\/wp-content\/uploads\/2012\/01\/ARKUSZ-WYPO\u017bYCZENIA-SPRZ\u0118TU-1str.doc\">mo\u017cna pobra\u0107 tutaj<\/a><\/span> (pami\u0119taj z\u0142o\u017cy\u0107 zapotrzebowanie tydzie\u0144 wcze\u015bniej)<\/p>\n<hr \/>\n<p><strong>Harmonogram imprez Hufca 2022\/2023<\/strong><\/p>\n<p>Przedstawiamy harmonogram imprez Hufca na rok harcerski 2022\/2023.<\/p>\n<p>HARCOnoGRAm<\/p>\n<hr \/>\n<p><strong>Regulamin Mian Harcerskich na rok 2018\/2019<\/strong><\/p>\n<p>Zamieszczamy regulamin wed\u0142ug kt\u00f3rego b\u0119d\u0105 przyznawane miana dru\u017cynom harcerskim za dzia\u0142anie w roku harcerskim 2018\/2019.<\/p>\n<p><a href=\"https:\/\/lodzbaluty.zhp.pl\/wp-content\/uploads\/2018\/10\/Regulamin-Mian-NH-2018-19.pdf\">Regulamin Mian Harcerskich 2018\/2019<\/a><\/p>\n<hr \/>\n<p><strong>Harmonogram imprez ZHP 2018\/2019<br \/>\n<\/strong><\/p>\n<p>Zach\u0119camy do zapoznaniem si\u0119 z og\u00f3lnopolskimi propozycjami programowymi organizowanymi pod egid\u0105 ZHP<\/p>\n<p><a href=\"https:\/\/zhp.pl\/2018\/kalendarz-2018-2019\/\">Kalendarz wydarze\u0144 harcerskich 2018\/2019<\/a><\/p>\n<hr \/>\n<p><strong>Jak zacz\u0105\u0107 prac\u0119 z etyk\u0105 \u015brodowiskow\u0105 ZHP?<\/strong><\/p>\n<p>Poni\u017cej prezentujemy poradnik autorstwa dh. Nikoli Kubickiej dotycz\u0105cy rozpocz\u0119cia pracy w dru\u017cynie w duchu zasad etyki \u015brodowiskowej.<\/p>\n<p><a href=\"https:\/\/lodzbaluty.zhp.pl\/wp-content\/uploads\/2018\/10\/ETYKA-\u015aRODOWISKOWA-ZHP.pdf\">Jak zacz\u0105\u0107 prac\u0119 z etyk\u0105 \u015brodowiskow\u0105 ZHP?<\/a><\/p>\n<hr \/>\n<p><strong>Rady nie od parady &#8211; porady dla dru\u017cynowych<\/strong><br \/>\nAutor: pwd. Krzysztof Janiszewski<br \/>\n<a href=\"\/\/lodzbaluty.zhp.pl\/wp-content\/uploads\/2018\/05\/Rady-nie-od-parady.pdf\">Rady-nie-od-parady<\/a><\/p>\n<hr \/>\n<p><strong>Propozycja programowa &#8222;\u0141\u00f3d\u017a od \u0141 do \u0179&#8221;<br \/>\n<\/strong><\/p>\n<p>Zapraszamy do zapoznania si\u0119 z propozycja programow\u0105 dotycz\u0105c\u0105 naszego miasta.<\/p>\n<p><span style=\"text-decoration: underline;\"><a href=\"\/\/lodzbaluty.zhp.pl\/wp-content\/uploads\/2012\/01\/Propozycja-programowa-Alfabet-form-pracy-z-\u0141odzi\u0105.pdf\">Propozycja programowa Alfabet form pracy z \u0141odzi\u0105<\/a><\/span><\/p>\n<hr \/>\n<p><strong>Propozycja programowa<\/strong><\/p>\n<p>Zapraszamy do zapoznania si\u0119 z kolejn\u0105 propozycj\u0105 programow\u0105 naszego Hufca<\/p>\n<p><span style=\"text-decoration: underline;\"><a href=\"\/\/lodzbaluty.zhp.pl\/wp-content\/uploads\/2012\/01\/Gry-Fabularne-Karina-Galli.pdf\">Gry Fabularne &#8211; Karina Galli<br \/>\n<\/a><\/span><\/p>\n<hr \/>\n<p><strong>Propozycja programowa<\/strong><\/p>\n<p>Zapraszamy do zapoznania si\u0119 z kolejn\u0105 propozycj\u0105 programow\u0105 naszego Hufca<\/p>\n<p><span style=\"text-decoration: underline;\"><a href=\"https:\/\/lodzbaluty.zhp.pl\/wp-content\/uploads\/2020\/05\/zbior_gawed-Karolina_Urbanska.pdf\">Zbi\u00f3r Gaw\u0119d &#8211; Karolina Urba\u0144ska<br \/>\n<\/a><\/span><\/p>\n<hr \/>\n<p><strong>Film instrukta\u017cowy: Piosenki i Pl\u0105sy by Marcin Jarz\u0119bski<\/strong><\/p>\n<p><iframe loading=\"lazy\" title=\"Film instrukta\u017cowo - metodyczny: Piosenki i Pl\u0105sy\" width=\"750\" height=\"563\" src=\"https:\/\/www.youtube.com\/embed\/NHHJ9KcNqVo?feature=oembed\" frameborder=\"0\" allow=\"accelerometer; autoplay; clipboard-write; encrypted-media; gyroscope; picture-in-picture; web-share\" allowfullscreen><\/iframe><\/p>\n","protected":false},"excerpt":{"rendered":"<p>Na poni\u017cszej stronie znajduj\u0105 si\u0119 materia\u0142y dotycz\u0105ce: Ewidencji ZHP (kontakty do administrator\u00f3w oraz instrukcje dzia\u0142ania z tym narz\u0119dziem) Kontakt by zam\u00f3wi\u0107 cz\u0119\u015bci mundurowe Biwak (wz\u00f3r planu pracy; arkusz organizacyjny) Arkusz wypo\u017cyczenia sprz\u0119tu Aktualny harmonogram imprez Hufca Regulamin mian dla dru\u017cyn harcerskich Kalendarz imprez centralnych ZHP Porady jak rozpocz\u0105\u0107 w dru\u017cynie [&hellip;]<\/p>\n","protected":false},"author":10,"featured_media":0,"parent":0,"menu_order":6,"comment_status":"open","ping_status":"open","template":"","meta":[],"_links":{"self":[{"href":"https:\/\/lodzbaluty.zhp.pl\/index.php?rest_route=\/wp\/v2\/pages\/47"}],"collection":[{"href":"https:\/\/lodzbaluty.zhp.pl\/index.php?rest_route=\/wp\/v2\/pages"}],"about":[{"href":"https:\/\/lodzbaluty.zhp.pl\/index.php?rest_route=\/wp\/v2\/types\/page"}],"author":[{"embeddable":true,"href":"https:\/\/lodzbaluty.zhp.pl\/index.php?rest_route=\/wp\/v2\/users\/10"}],"replies":[{"embeddable":true,"href":"https:\/\/lodzbaluty.zhp.pl\/index.php?rest_route=%2Fwp%2Fv2%2Fcomments&post=47"}],"version-history":[{"count":46,"href":"https:\/\/lodzbaluty.zhp.pl\/index.php?rest_route=\/wp\/v2\/pages\/47\/revisions"}],"predecessor-version":[{"id":3232,"href":"https:\/\/lodzbaluty.zhp.pl\/index.php?rest_route=\/wp\/v2\/pages\/47\/revisions\/3232"}],"wp:attachment":[{"href":"https:\/\/lodzbaluty.zhp.pl\/index.php?rest_route=%2Fwp%2Fv2%2Fmedia&parent=47"}],"curies":[{"name":"wp","href":"https:\/\/api.w.org\/{rel}","templated":true}]}}