{"id":45,"date":"2012-01-22T20:13:57","date_gmt":"2012-01-22T19:13:57","guid":{"rendered":""},"modified":"2024-02-06T11:05:07","modified_gmt":"2024-02-06T10:05:07","slug":"srodowiska","status":"publish","type":"page","link":"https:\/\/lodzbaluty.zhp.pl\/?page_id=45","title":{"rendered":"Srodowiska"},"content":{"rendered":"<h3 style=\"text-align: center;\"><strong>Szczep Harcerski im. Bohater\u00f3w Warszawy <\/strong><\/h3>\n<h5 style=\"text-align: center;\"><strong>Obszar dzia\u0142ania &#8211; Osiedle&nbsp;Ba\u0142uty &#8211; Centrum<\/strong><\/h5>\n<h5 style=\"text-align: center;\"><strong>Szko\u0142a Podstawowa nr 101<\/strong><\/h5>\n<h3 style=\"text-align: center;\"><\/h3>\n<h3 style=\"text-align: center;\"><strong>Szczep Harcerski &#8222;Gniazdo&#8221; im. Kedywu <\/strong><\/h3>\n<h5 style=\"text-align: center;\"><strong>Obszar dzia\u0142ania &#8211; Osiedla Radogoszcz Zach\u00f3d i Rogi<\/strong><\/h5>\n<h5 style=\"text-align: center;\"><strong>Szko\u0142y Podstawowe nr 122 i 206<br \/>\n<\/strong><\/h5>\n<h3 style=\"text-align: center;\">&nbsp;<strong>Szczep Harcerski &#8222;Pasieka&#8221;<\/strong><\/h3>\n<h5 style=\"text-align: center;\"><strong>Obszar dzia\u0142ania &#8211; Osiedle Teofil\u00f3w &#8211; Wielkopolska<\/strong><\/h5>\n<h5 style=\"text-align: center;\"><strong>Szko\u0142a Podstawowa nr 56<br \/>\n<\/strong><\/h5>\n<h3 style=\"text-align: center;\"><\/h3>\n<h3 style=\"text-align: center;\"><strong>Szczep Harcerski &#8222;Pegaz&#8221;&nbsp;<\/strong><\/h3>\n<h5 style=\"text-align: center;\"><strong>Obszar dzia\u0142ania &#8211; Osiedle Ba\u0142uty &#8211; Centrum<\/strong><\/h5>\n<h5 style=\"text-align: center;\"><strong>Szko\u0142y Podstawowe nr 55 i 166<\/strong><\/h5>\n<h3 style=\"text-align: center;\"><\/h3>\n<h3 style=\"text-align: center;\"><strong>Szczep Harcerski &#8222;Puszcza&#8221;<\/strong><\/h3>\n<h5 style=\"text-align: center;\"><strong>Obszar dzia\u0142ania &#8211; Osiedle Marysin &#8211; Do\u0142y&nbsp;<\/strong><\/h5>\n<h5 style=\"text-align: center;\"><strong>Szko\u0142a Podstawowa nr 153<\/strong><\/h5>\n<h3 style=\"text-align: center;\"><\/h3>\n<h3 style=\"text-align: center;\"><strong>Szczep Harcerski &#8222;Szare Szeregi&#8221; <\/strong><\/h3>\n<h5 style=\"text-align: center;\"><strong>Obszar dzia\u0142ania &#8211; Osiedle Rogi<\/strong><\/h5>\n<h5 style=\"text-align: center;\"><strong>Szko\u0142a Podstawowa nr 120<\/strong><\/h5>\n<h3 style=\"text-align: center;\"><strong>Szczep Harcerski &#8222;Za Torem&#8221; <\/strong><\/h3>\n<h5 style=\"text-align: center;\"><strong>Obszar dzia\u0142ania &#8211; Osiedla Teofil\u00f3w<br \/>\n<\/strong><\/h5>\n<h5 style=\"text-align: center;\"><strong>Szko\u0142y Podstawowe nr 48, 71, 4 \u0141SSO<br \/>\n<\/strong><\/h5>\n<h3 style=\"text-align: center;\"><\/h3>\n<h3 style=\"text-align: center;\"><strong>Zwi\u0105zek Dru\u017cyn &#8222;Zarzewie&#8221; <\/strong><\/h3>\n<h5 style=\"text-align: center;\"><strong>Obszar dzia\u0142ania &#8211; Aleksandr\u00f3w \u0141\u00f3dzki<\/strong><\/h5>\n<h5 style=\"text-align: center;\"><strong>Szko\u0142y Podstawowe nr 1, 3, 4 w Aleksandrowie \u0141\u00f3dzki<\/strong><strong><\/strong><\/h5>\n<h3 style=\"text-align: center;\"><strong>\u015arodowisko wodniackie przy 116 SP<br \/>\n<\/strong><\/h3>\n<h5 style=\"text-align: center;\"><strong>Obszar dzia\u0142ania &#8211; Kochan\u00f3wka<\/strong><\/h5>\n<h5 style=\"text-align: center;\"><strong>Szko\u0142a Podstawowa nr 116<\/strong><\/h5>\n<h3><\/h3>\n<h3 style=\"text-align: center;\">\u015arodowisko Harcerskie przy 30 SP<\/h3>\n<h5 style=\"text-align: center;\">Obszar dzia\u0142ania &#8211; Osiedle Ba\u0142uty &#8211; Centrum<\/h5>\n<h5 style=\"text-align: center;\">Szko\u0142a Podstawowa nr 30<\/h5>\n<p><a href=\"\/\/lodzbaluty.zhp.pl\/wp-content\/uploads\/2012\/01\/Pr-\u0141DH-rzy.jpg\"><\/a><\/p>\n","protected":false},"excerpt":{"rendered":"<p>Szczep Harcerski im. Bohater\u00f3w Warszawy Obszar dzia\u0142ania &#8211; Osiedle&nbsp;Ba\u0142uty &#8211; Centrum Szko\u0142a Podstawowa nr 101 Szczep Harcerski &#8222;Gniazdo&#8221; im. Kedywu Obszar dzia\u0142ania &#8211; Osiedla Radogoszcz Zach\u00f3d i Rogi Szko\u0142y Podstawowe nr 122 i 206 &nbsp;Szczep Harcerski &#8222;Pasieka&#8221; Obszar dzia\u0142ania &#8211; Osiedle Teofil\u00f3w &#8211; Wielkopolska Szko\u0142a Podstawowa nr 56 Szczep Harcerski [&hellip;]<\/p>\n","protected":false},"author":10,"featured_media":0,"parent":0,"menu_order":5,"comment_status":"open","ping_status":"closed","template":"","meta":[],"_links":{"self":[{"href":"https:\/\/lodzbaluty.zhp.pl\/index.php?rest_route=\/wp\/v2\/pages\/45"}],"collection":[{"href":"https:\/\/lodzbaluty.zhp.pl\/index.php?rest_route=\/wp\/v2\/pages"}],"about":[{"href":"https:\/\/lodzbaluty.zhp.pl\/index.php?rest_route=\/wp\/v2\/types\/page"}],"author":[{"embeddable":true,"href":"https:\/\/lodzbaluty.zhp.pl\/index.php?rest_route=\/wp\/v2\/users\/10"}],"replies":[{"embeddable":true,"href":"https:\/\/lodzbaluty.zhp.pl\/index.php?rest_route=%2Fwp%2Fv2%2Fcomments&post=45"}],"version-history":[{"count":107,"href":"https:\/\/lodzbaluty.zhp.pl\/index.php?rest_route=\/wp\/v2\/pages\/45\/revisions"}],"predecessor-version":[{"id":3427,"href":"https:\/\/lodzbaluty.zhp.pl\/index.php?rest_route=\/wp\/v2\/pages\/45\/revisions\/3427"}],"wp:attachment":[{"href":"https:\/\/lodzbaluty.zhp.pl\/index.php?rest_route=%2Fwp%2Fv2%2Fmedia&parent=45"}],"curies":[{"name":"wp","href":"https:\/\/api.w.org\/{rel}","templated":true}]}}