{"id":43,"date":"2012-01-22T20:13:34","date_gmt":"2012-01-22T20:13:34","guid":{"rendered":"Zapraszamy do wsp\u00f3\u0142pracy z naszymi zespo\u0142ami w poni\u017cszych kwestiach:\r\n\r\nKonserwacja, pozyskiwanie, wypo\u017cyczanie sprz\u0119tu - <a href=\"https:\/\/lodzbaluty.zhp.pl\/?page_id=63\" target=\"_blank\">ZESP\u00d3\u0141 KWATERMISTRZOWSKI<\/a>\r\n\r\nDbanie o stan techniczny siedziby i j"},"modified":"2016-06-02T13:36:16","modified_gmt":"2016-06-02T13:36:16","slug":"zespoly","status":"publish","type":"page","link":"https:\/\/lodzbaluty.zhp.pl\/?page_id=43","title":{"rendered":"Zespo\u0142y"},"content":{"rendered":"<p>Zapraszamy do wsp\u00f3\u0142pracy z naszymi zespo\u0142ami w poni\u017cszych kwestiach:<\/p>\n<p>Konserwacja, pozyskiwanie, wypo\u017cyczanie sprz\u0119tu &#8211; <a href=\"https:\/\/lodzbaluty.zhp.pl\/?page_id=63\" target=\"_blank\">ZESP\u00d3\u0141 KWATERMISTRZOWSKI<\/a><\/p>\n<p>Dbanie o stan techniczny siedziby i jej modernizacja &#8211; <a href=\"https:\/\/lodzbaluty.zhp.pl\/?page_id=63\" target=\"_blank\">ZESP\u00d3\u0141 KWATERMISTRZOWSKI<\/a><\/p>\n<p>Wsparcie merytoryczne i programowe &#8211; <a href=\"https:\/\/lodzbaluty.zhp.pl\/?page_id=858\" target=\"_blank\">ZESP\u00d3\u0141 METODYCZNY<\/a><\/p>\n<p>Kursy i szkolenia metodyczne &#8211; <a href=\"https:\/\/lodzbaluty.zhp.pl\/?page_id=57\" target=\"_blank\">ZESP\u00d3\u0141 KADRY KSZTA\u0141C\u0104CEJ<\/a><\/p>\n<p>Pr\u00f3by instruktorskie &#8211; <a href=\"https:\/\/lodzbaluty.zhp.pl\/?page_id=55\" target=\"_blank\">KOMISJA STOPNI INSTRUKTORSKICH<\/a><\/p>\n<p>Promocja Hufca i praca z partnerami &#8211; <a href=\"https:\/\/lodzbaluty.zhp.pl\/?page_id=1258\" target=\"_blank\">ZESP\u00d3\u0141 PROMOCJI i INFORMACJI<\/a><\/p>\n<p>&nbsp;<\/p>\n<p>Namiestnictwa:<\/p>\n<p><a href=\"https:\/\/lodzbaluty.zhp.pl\/?page_id=59\" target=\"_blank\">ZUCHOWE<\/a><\/p>\n<p><a href=\"https:\/\/lodzbaluty.zhp.pl\/?page_id=61\" target=\"_blank\">HARCERSKIE<\/a><\/p>\n<p>&nbsp;<\/p>\n","protected":false},"excerpt":{"rendered":"<p>Zapraszamy do wsp\u00f3\u0142pracy z naszymi zespo\u0142ami w poni\u017cszych kwestiach: Konserwacja, pozyskiwanie, wypo\u017cyczanie sprz\u0119tu &#8211; ZESP\u00d3\u0141 KWATERMISTRZOWSKI Dbanie o stan techniczny siedziby i jej modernizacja &#8211; ZESP\u00d3\u0141 KWATERMISTRZOWSKI Wsparcie merytoryczne i programowe &#8211; ZESP\u00d3\u0141 METODYCZNY Kursy i szkolenia metodyczne &#8211; ZESP\u00d3\u0141 KADRY KSZTA\u0141C\u0104CEJ Pr\u00f3by instruktorskie &#8211; KOMISJA STOPNI INSTRUKTORSKICH Promocja Hufca [&hellip;]<\/p>\n","protected":false},"author":10,"featured_media":0,"parent":0,"menu_order":4,"comment_status":"open","ping_status":"open","template":"","meta":[],"_links":{"self":[{"href":"https:\/\/lodzbaluty.zhp.pl\/index.php?rest_route=\/wp\/v2\/pages\/43"}],"collection":[{"href":"https:\/\/lodzbaluty.zhp.pl\/index.php?rest_route=\/wp\/v2\/pages"}],"about":[{"href":"https:\/\/lodzbaluty.zhp.pl\/index.php?rest_route=\/wp\/v2\/types\/page"}],"author":[{"embeddable":true,"href":"https:\/\/lodzbaluty.zhp.pl\/index.php?rest_route=\/wp\/v2\/users\/10"}],"replies":[{"embeddable":true,"href":"https:\/\/lodzbaluty.zhp.pl\/index.php?rest_route=%2Fwp%2Fv2%2Fcomments&post=43"}],"version-history":[{"count":5,"href":"https:\/\/lodzbaluty.zhp.pl\/index.php?rest_route=\/wp\/v2\/pages\/43\/revisions"}],"predecessor-version":[{"id":1400,"href":"https:\/\/lodzbaluty.zhp.pl\/index.php?rest_route=\/wp\/v2\/pages\/43\/revisions\/1400"}],"wp:attachment":[{"href":"https:\/\/lodzbaluty.zhp.pl\/index.php?rest_route=%2Fwp%2Fv2%2Fmedia&parent=43"}],"curies":[{"name":"wp","href":"https:\/\/api.w.org\/{rel}","templated":true}]}}