{"id":1727,"date":"2017-07-20T00:14:58","date_gmt":"2017-07-19T23:14:58","guid":{"rendered":""},"modified":"2024-04-04T18:03:07","modified_gmt":"2024-04-04T17:03:07","slug":"doly","status":"publish","type":"page","link":"https:\/\/lodzbaluty.zhp.pl\/?page_id=1727","title":{"rendered":"Do\u0142y"},"content":{"rendered":"\t\t<div data-elementor-type=\"wp-page\" data-elementor-id=\"1727\" class=\"elementor elementor-1727\">\n\t\t\t\t\t\t\t\t\t<section class=\"elementor-section elementor-top-section elementor-element elementor-element-2bbf96be elementor-section-boxed elementor-section-height-default elementor-section-height-default\" data-id=\"2bbf96be\" data-element_type=\"section\">\n\t\t\t\t\t\t<div class=\"elementor-container elementor-column-gap-default\">\n\t\t\t\t\t<div class=\"elementor-column elementor-col-100 elementor-top-column elementor-element elementor-element-2a3dbdc4\" data-id=\"2a3dbdc4\" data-element_type=\"column\">\n\t\t\t<div class=\"elementor-widget-wrap elementor-element-populated\">\n\t\t\t\t\t\t\t\t<div class=\"elementor-element elementor-element-1ef70a76 elementor-widget elementor-widget-text-editor\" data-id=\"1ef70a76\" data-element_type=\"widget\" data-widget_type=\"text-editor.default\">\n\t\t\t\t<div class=\"elementor-widget-container\">\n\t\t\t<style>\/*! elementor - v3.10.2 - 29-01-2023 *\/\n.elementor-widget-text-editor.elementor-drop-cap-view-stacked .elementor-drop-cap{background-color:#818a91;color:#fff}.elementor-widget-text-editor.elementor-drop-cap-view-framed .elementor-drop-cap{color:#818a91;border:3px solid;background-color:transparent}.elementor-widget-text-editor:not(.elementor-drop-cap-view-default) .elementor-drop-cap{margin-top:8px}.elementor-widget-text-editor:not(.elementor-drop-cap-view-default) .elementor-drop-cap-letter{width:1em;height:1em}.elementor-widget-text-editor .elementor-drop-cap{float:left;text-align:center;line-height:1;font-size:50px}.elementor-widget-text-editor .elementor-drop-cap-letter{display:inline-block}<\/style>\t\t\t\t<h3 style=\"text-align: center;\"><strong>&#8222;Puszcza&#8221;<\/strong><\/h3><h5 style=\"text-align: center;\"><strong>Obszar dzia\u0142ania &#8211; Do\u0142y\u00a0<\/strong><\/h5><h5 style=\"text-align: center;\"><strong>Szko\u0142a Podstawowa nr 153<\/strong><\/h5><p style=\"text-align: center;\"><a href=\"https:\/\/www.facebook.com\/szczepPUSZCZA\/?fref=ts\"><img decoding=\"async\" loading=\"lazy\" class=\"alignnone size-medium wp-image-1685\" src=\"\/\/lodzbaluty.zhp.pl\/wp-content\/uploads\/2017\/07\/4806007-300x120.png\" alt=\"\" width=\"300\" height=\"120\" srcset=\"https:\/\/lodzbaluty.zhp.pl\/wp-content\/uploads\/2017\/07\/4806007-300x120.png 300w, https:\/\/lodzbaluty.zhp.pl\/wp-content\/uploads\/2017\/07\/4806007.png 389w\" sizes=\"(max-width: 300px) 100vw, 300px\" \/><\/a><\/p><h2 style=\"text-align: center;\">DRU\u017bYNY<\/h2><h3 style=\"text-align: center;\">71 \u0141DH im. J. Korczaka<\/h3><p style=\"text-align: center;\">Dla kogo: Dziewczynki i ch\u0142opcy z klas 4-8 Sp<br \/>Miejsce zbi\u00f3rek: Harc\u00f3wka w SP nr 153 w \u0141odzi (ul. <span class=\"_Xbe\">Obro\u0144c\u00f3w Westerplatte 28<\/span>)<br \/>Termin zbi\u00f3rek: Pi\u0105tki, 17:15-19:00<br \/>Dru\u017cynowa: pwd. Aleksandra Podlaska<br \/>Kontakt: aleksandra.podlaska@zhp.net.pl<\/p><h3 style=\"text-align: center;\">Kr\u0105g Starszyzny Harcerskiej \u201eKronk\u201d<\/h3><p style=\"text-align: center;\">Dla kogo: Cz\u0142onkowie ZHP powy\u017cej 21 r.\u017c.<br \/>Miejsce zbi\u00f3rek: ustalane na bie\u017c\u0105co<br \/>Przewodnicz\u0105ca: pwd. Katarzyna Kuszewska<br \/>Kontakt: 601 842 0954<br \/>katarzyna.kuszewska@zhp.net.pl<\/p>\t\t\t\t\t\t<\/div>\n\t\t\t\t<\/div>\n\t\t\t\t\t<\/div>\n\t\t<\/div>\n\t\t\t\t\t\t\t<\/div>\n\t\t<\/section>\n\t\t\t\t\t\t\t<\/div>\n\t\t","protected":false},"excerpt":{"rendered":"<p>&#8222;Puszcza&#8221; Obszar dzia\u0142ania &#8211; Do\u0142y\u00a0 Szko\u0142a Podstawowa nr 153 DRU\u017bYNY 71 \u0141DH im. J. Korczaka Dla kogo: Dziewczynki i ch\u0142opcy z klas 4-8 SpMiejsce zbi\u00f3rek: Harc\u00f3wka w SP nr 153 w \u0141odzi (ul. Obro\u0144c\u00f3w Westerplatte 28)Termin zbi\u00f3rek: Pi\u0105tki, 17:15-19:00Dru\u017cynowa: pwd. Aleksandra PodlaskaKontakt: aleksandra.podlaska@zhp.net.pl Kr\u0105g Starszyzny Harcerskiej \u201eKronk\u201d Dla kogo: Cz\u0142onkowie [&hellip;]<\/p>\n","protected":false},"author":17,"featured_media":0,"parent":45,"menu_order":4,"comment_status":"closed","ping_status":"closed","template":"","meta":[],"_links":{"self":[{"href":"https:\/\/lodzbaluty.zhp.pl\/index.php?rest_route=\/wp\/v2\/pages\/1727"}],"collection":[{"href":"https:\/\/lodzbaluty.zhp.pl\/index.php?rest_route=\/wp\/v2\/pages"}],"about":[{"href":"https:\/\/lodzbaluty.zhp.pl\/index.php?rest_route=\/wp\/v2\/types\/page"}],"author":[{"embeddable":true,"href":"https:\/\/lodzbaluty.zhp.pl\/index.php?rest_route=\/wp\/v2\/users\/17"}],"replies":[{"embeddable":true,"href":"https:\/\/lodzbaluty.zhp.pl\/index.php?rest_route=%2Fwp%2Fv2%2Fcomments&post=1727"}],"version-history":[{"count":21,"href":"https:\/\/lodzbaluty.zhp.pl\/index.php?rest_route=\/wp\/v2\/pages\/1727\/revisions"}],"predecessor-version":[{"id":3586,"href":"https:\/\/lodzbaluty.zhp.pl\/index.php?rest_route=\/wp\/v2\/pages\/1727\/revisions\/3586"}],"up":[{"embeddable":true,"href":"https:\/\/lodzbaluty.zhp.pl\/index.php?rest_route=\/wp\/v2\/pages\/45"}],"wp:attachment":[{"href":"https:\/\/lodzbaluty.zhp.pl\/index.php?rest_route=%2Fwp%2Fv2%2Fmedia&parent=1727"}],"curies":[{"name":"wp","href":"https:\/\/api.w.org\/{rel}","templated":true}]}}